{"id":1000,"date":"2025-09-07T19:12:10","date_gmt":"2025-09-07T19:12:10","guid":{"rendered":"https:\/\/cindy.jbeanwefiteam.com\/?page_id=1000"},"modified":"2025-09-28T02:59:21","modified_gmt":"2025-09-28T02:59:21","slug":"terms-of-use","status":"publish","type":"page","link":"https:\/\/cindy.jbeanwefiteam.com\/es\/terms-of-use\/","title":{"rendered":"Condiciones de uso"},"content":{"rendered":"<div class=\"et_pb_section_0 et_pb_section et_section_regular et_block_section\">\n<div class=\"et_pb_row_0 et_pb_row et_block_row\">\n<div class=\"et_pb_column_0 et_pb_column et_pb_column_4_4 et-last-child et_block_column et_pb_css_mix_blend_mode_passthrough\">\n<div class=\"et_pb_text_0 et_pb_text et_pb_bg_layout_light et_pb_module et_flex_module preset--group--divi-text--divi-font-body--default\"><div class=\"et_pb_text_inner\"><p><!-- wp:paragraph --><\/p>\n<p><span style=\"color: #666666;\">Estos T\u00e9rminos rigen tu acceso y uso de todo el contenido, Productos y Servicios disponibles en el sitio web https:\/\/cindy.jbeanwefiteam.com (el \u201cServicio\u201d) operado por J Jelly Bean Inc, que opera comercialmente como \"JBeanTV\" (\u201cnosotros\u201d, \u201cnuestro\/a\u201d).<\/span><\/p>\n<p><span style=\"color: #666666;\"><!-- \/wp:paragraph --><\/span><\/p>\n<p><span style=\"color: #666666;\"><!-- wp:paragraph --><\/span><\/p>\n<p><span style=\"color: #666666;\">Tu acceso a nuestros servicios est\u00e1 sujeto a tu aceptaci\u00f3n, sin modificaci\u00f3n alguna, de todos los t\u00e9rminos y condiciones contenidos en el presente, as\u00ed como de todas las dem\u00e1s reglas de operaci\u00f3n y pol\u00edticas publicadas y que puedan ser publicadas de tiempo en tiempo por nosotros.<\/span><\/p>\n<p><span style=\"color: #666666;\"><!-- \/wp:paragraph --><\/span><\/p>\n<p><span style=\"color: #666666;\"><!-- wp:paragraph --><\/span><\/p>\n<p><span style=\"color: #666666;\">Por favor, lea el Acuerdo detenidamente antes de acceder o utilizar nuestros Servicios. Al acceder o utilizar cualquier parte de nuestros Servicios, usted acepta quedar vinculado por estos T\u00e9rminos. Si no acepta alguna parte de los t\u00e9rminos del Acuerdo, no podr\u00e1 acceder ni utilizar nuestros Servicios.<\/span><\/p>\n<p><span style=\"color: #666666;\"><!-- \/wp:paragraph --><\/span><\/p>\n<p><span style=\"color: #666666;\"><!-- wp:heading {\"level\":3} --><\/span><\/p>\n<h3><span style=\"color: #666666;\">Propiedad Intelectual<\/span><\/h3>\n<p><span style=\"color: #666666;\"><!-- \/wp:heading --><\/span><\/p>\n<p><span style=\"color: #666666;\"><!-- wp:paragraph --><\/span><\/p>\n<p><span style=\"color: #666666;\">El Acuerdo no le transfiere de Nosotros a usted ninguna propiedad intelectual nuestra o de terceros, y todos los derechos, t\u00edtulos e intereses sobre dicha propiedad permanecer\u00e1n (entre las partes) \u00fanicamente en poder de J Jelly Bean Inc, que opera bajo el nombre de \"JBeanTV\", y sus licenciantes.<\/span><\/p>\n<p><span style=\"color: #666666;\"><!-- \/wp:paragraph --><\/span><\/p>\n<p><span style=\"color: #666666;\"><!-- wp:heading {\"level\":3} --><\/span><\/p>\n<h3><span style=\"color: #666666;\">Servicios de Terceros<\/span><\/h3>\n<p><span style=\"color: #666666;\"><!-- \/wp:heading --><\/span><\/p>\n<p><span style=\"color: #666666;\"><!-- wp:paragraph --><\/span><\/p>\n<p><span style=\"color: #666666;\">Al usar los Servicios, podr\u00edas utilizar servicios, productos, software, incrustaciones o aplicaciones de terceros desarrollados por un tercero (\u201cServicios de terceros\u201d).<\/span><\/p>\n<p><span style=\"color: #666666;\"><!-- \/wp:paragraph --><\/span><\/p>\n<p><span style=\"color: #666666;\"><!-- wp:paragraph --><\/span><\/p>\n<p><span style=\"color: #666666;\">Si utilizas servicios de terceros, entiendes que:<\/span><\/p>\n<p><span style=\"color: #666666;\"><!-- \/wp:paragraph --><\/span><\/p>\n<p><span style=\"color: #666666;\"><!-- wp:list --><\/span><\/p>\n<ul>\n<li><span style=\"color: #666666;\">Cualquier uso de un servicio de terceros es bajo su propio riesgo, y no seremos responsables ante nadie por sitios web o servicios de terceros.<\/span><\/li>\n<li><span style=\"color: #666666;\">Usted reconoce y acepta que no seremos responsables ni responderemos por ning\u00fan da\u00f1o o p\u00e9rdida causada o supuestamente causada, directa o indirectamente, por el uso de dicho contenido, bienes o servicios disponibles en o a trav\u00e9s de dichos sitios web o servicios.<\/span><\/li>\n<\/ul>\n<p><span style=\"color: #666666;\"><!-- \/wp:list --><\/span><\/p>\n<p><span style=\"color: #666666;\"><!-- wp:heading {\"level\":3} --><\/span><\/p>\n<h3><span style=\"color: #666666;\">Cuentas<\/span><\/h3>\n<p><span style=\"color: #666666;\"><!-- \/wp:heading --><\/span><\/p>\n<p><span style=\"color: #666666;\"><!-- wp:paragraph --><\/span><\/p>\n<p><span style=\"color: #666666;\">Donde el uso de cualquier parte de nuestros Servicios requiera una cuenta, usted acepta proporcionarnos informaci\u00f3n completa y precisa al registrarse para obtener una cuenta.<\/span><\/p>\n<p><span style=\"color: #666666;\"><!-- \/wp:paragraph --><\/span><\/p>\n<p><span style=\"color: #666666;\"><!-- wp:paragraph --><\/span><\/p>\n<p><span style=\"color: #666666;\">Ser\u00e1s el \u00fanico responsable y responder\u00e1s por cualquier actividad que ocurra bajo tu cuenta. Eres responsable de mantener tu informaci\u00f3n de cuenta actualizada y de mantener tu contrase\u00f1a segura.<\/span><\/p>\n<p><span style=\"color: #666666;\"><!-- \/wp:paragraph --><\/span><\/p>\n<p><span style=\"color: #666666;\"><!-- wp:paragraph --><\/span><\/p>\n<p><span style=\"color: #666666;\">Eres responsable de mantener la seguridad de tu cuenta que utilizas para acceder al Servicio. No debes compartir ni hacer un uso indebido de tus credenciales de acceso. Debes notificarnos inmediatamente cualquier uso no autorizado de tu cuenta o al tener conocimiento de cualquier otro incumplimiento de seguridad.<\/span><\/p>\n<p><span style=\"color: #666666;\"><!-- \/wp:paragraph --><\/span><\/p>\n<p><span style=\"color: #666666;\"><!-- wp:heading {\"level\":3} --><\/span><\/p>\n<h3><span style=\"color: #666666;\">Enlaces a otros sitios web<\/span><\/h3>\n<p><span style=\"color: #666666;\"><!-- \/wp:heading --><\/span><\/p>\n<p><span style=\"color: #666666;\"><!-- wp:paragraph --><\/span><\/p>\n<p><span style=\"color: #666666;\">Nuestro Servicio puede contener enlaces a sitios web o servicios de terceros que no son propiedad ni est\u00e1n controlados por J Jelly Bean Inc, que opera como \"JBeanTV\". .<\/span><\/p>\n<p><span style=\"color: #666666;\"><!-- \/wp:paragraph --><\/span><\/p>\n<p><span style=\"color: #666666;\"><!-- wp:paragraph --><\/span><\/p>\n<p><span style=\"color: #666666;\">J Jelly Bean Inc, operando bajo el nombre de \"JBeanTV\", no asume ninguna responsabilidad por el contenido, las pol\u00edticas de privacidad o las pr\u00e1cticas de terceros sitios web o servicios. J Jelly Bean Inc, operando bajo el nombre de \"JBeanTV\" tampoco ser\u00e1 responsable ni asumir\u00e1 obligaci\u00f3n, directa o indirectamente, por ning\u00fan da\u00f1o o p\u00e9rdida causado o presuntamente causado por o en conexi\u00f3n con el uso o la dependencia de dicho contenido, bienes o servicios disponibles en o a trav\u00e9s de dichos sitios web o servicios.<\/span><\/p>\n<p><span style=\"color: #666666;\"><!-- \/wp:paragraph --><\/span><\/p>\n<p><span style=\"color: #666666;\"><!-- wp:paragraph --><\/span><\/p>\n<p><span style=\"color: #666666;\">Le recomendamos que lea los t\u00e9rminos y condiciones y las pol\u00edticas de privacidad de cualquier sitio web o servicio de terceros que visite.<\/span><\/p>\n<p><span style=\"color: #666666;\"><!-- \/wp:paragraph --><\/span><\/p>\n<p><span style=\"color: #666666;\"><!-- wp:heading {\"level\":3} --><\/span><\/p>\n<h3><span style=\"color: #666666;\">Terminaci\u00f3n<\/span><\/h3>\n<p><span style=\"color: #666666;\"><!-- \/wp:heading --><\/span><\/p>\n<p><span style=\"color: #666666;\"><!-- wp:paragraph --><\/span><\/p>\n<p><span style=\"color: #666666;\">Podemos terminar o suspender tu acceso a la totalidad o a una parte de nuestros Servicios en cualquier momento, con o sin causa, con o sin previo aviso, con efecto inmediato.<\/span><\/p>\n<p><span style=\"color: #666666;\"><!-- \/wp:paragraph --><\/span><\/p>\n<p><span style=\"color: #666666;\"><!-- wp:paragraph --><\/span><\/p>\n<p><span style=\"color: #666666;\">Si desea rescindir el Acuerdo o su cuenta de J Jelly Bean Inc., que opera bajo el nombre de \"JBeanTV\", simplemente puede dejar de utilizar nuestros Servicios.<\/span><\/p>\n<p><span style=\"color: #666666;\"><!-- \/wp:paragraph --><\/span><\/p>\n<p><span style=\"color: #666666;\"><!-- wp:paragraph --><\/span><\/p>\n<p><span style=\"color: #666666;\">Todas las disposiciones del Acuerdo que por su naturaleza deban sobrevivir a la terminaci\u00f3n sobrevivir\u00e1n a la terminaci\u00f3n, incluyendo, sin limitaci\u00f3n, las disposiciones de propiedad, las renuncias de garant\u00eda, el indemnizaci\u00f3n y las limitaciones de responsabilidad.<\/span><\/p>\n<p><span style=\"color: #666666;\"><!-- \/wp:paragraph --><\/span><\/p>\n<p><span style=\"color: #666666;\"><!-- wp:heading {\"level\":3} --><\/span><\/p>\n<h3><span style=\"color: #666666;\">Descargo de responsabilidad<\/span><\/h3>\n<p><span style=\"color: #666666;\"><!-- \/wp:heading --><\/span><\/p>\n<p><span style=\"color: #666666;\"><!-- wp:paragraph --><\/span><\/p>\n<p><span style=\"color: #666666;\">Nuestros Servicios se proporcionan bajo una base \u201cTAL CUAL\u201d y \u201cSEG\u00daN DISPONIBILIDAD\u201d. J Jelly Bean Inc., que opera bajo el nombre comercial \"JBeanTV\", y sus proveedores y licenciantes renuncian por la presente a todas las garant\u00edas de cualquier tipo, expresas o impl\u00edcitas, incluidas, entre otras, las garant\u00edas de comerciabilidad, idoneidad para un prop\u00f3sito particular y no infracci\u00f3n. Ni J Jelly Bean Inc., que opera bajo el nombre comercial \"JBeanTV\", ni sus proveedores y licenciantes garantizan que nuestros Servicios estar\u00e1n libres de errores o que el acceso a ellos ser\u00e1 continuo o ininterrumpido.<\/span><\/p>\n<p><span style=\"color: #666666;\"><!-- \/wp:paragraph --><\/span><\/p>\n<p><span style=\"color: #666666;\"><!-- wp:paragraph --><\/span><\/p>\n<p><span style=\"color: #666666;\">Usted entiende que descarga o de otra manera obtiene contenido o servicios a trav\u00e9s de nuestros Servicios a su discreci\u00f3n y riesgo.<\/span><\/p>\n<p><span style=\"color: #666666;\"><!-- \/wp:paragraph --><\/span><\/p>\n<p><span style=\"color: #666666;\"><!-- wp:heading {\"level\":3} --><\/span><\/p>\n<h3><span style=\"color: #666666;\">Jurisdicci\u00f3n y Ley Aplicable<\/span><\/h3>\n<p><span style=\"color: #666666;\"><!-- \/wp:heading --><\/span><\/p>\n<p><span style=\"color: #666666;\"><!-- wp:paragraph --><\/span><\/p>\n<p><span style=\"color: #666666;\">Salvo en la medida en que cualquier ley aplicable disponga lo contrario, el Acuerdo y cualquier acceso o uso de nuestros Servicios se regir\u00e1n por las leyes de Nueva York.<\/span><\/p>\n<p><span style=\"color: #666666;\"><!-- \/wp:paragraph --><\/span><\/p>\n<p><span style=\"color: #666666;\"><!-- wp:paragraph --><\/span><\/p>\n<p><span style=\"color: #666666;\">El fuero apropiado para cualquier disputa que surja del Acuerdo o se relacione con \u00e9l, y cualquier acceso o uso de nuestros Servicios, ser\u00e1n los tribunales estatales y federales ubicados en Nueva York.<\/span><\/p>\n<p><span style=\"color: #666666;\"><!-- \/wp:paragraph --><\/span><\/p>\n<p><span style=\"color: #666666;\"><!-- wp:heading {\"level\":3} --><\/span><\/p>\n<h3><span style=\"color: #666666;\">Cambios<\/span><\/h3>\n<p><span style=\"color: #666666;\"><!-- \/wp:heading --><\/span><\/p>\n<p><span style=\"color: #666666;\"><!-- wp:paragraph --><\/span><\/p>\n<p><span style=\"color: #666666;\">J Jelly Bean Inc, operando comercialmente como \"JBeanTV\", se reserva el derecho, a nuestra entera discreci\u00f3n, de modificar o reemplazar estos T\u00e9rminos en cualquier momento.<\/span><\/p>\n<p><span style=\"color: #666666;\"><!-- \/wp:paragraph --><\/span><\/p>\n<p><span style=\"color: #666666;\"><!-- wp:paragraph --><\/span><\/p>\n<p><span style=\"color: #666666;\">Si realizamos cambios que sean materiales, se lo notificaremos publicando en nuestro sitio web, envi\u00e1ndole un correo electr\u00f3nico u otra comunicaci\u00f3n antes de que los cambios entren en vigor. El aviso designar\u00e1 un per\u00edodo razonable despu\u00e9s del cual los nuevos t\u00e9rminos entrar\u00e1n en vigor.<\/span><\/p>\n<p><span style=\"color: #666666;\"><!-- \/wp:paragraph --><\/span><\/p>\n<p><span style=\"color: #666666;\"><!-- wp:paragraph --><\/span><\/p>\n<p><span style=\"color: #666666;\">Intentaremos avisar con al menos 30 d\u00edas de antelaci\u00f3n antes de los cambios efectivos. Si no est\u00e1 de acuerdo con nuestros cambios, entonces deber\u00e1 dejar de usar nuestros Servicios dentro del per\u00edodo de aviso designado, o una vez que los cambios entren en vigor.<\/span><\/p>\n<p><span style=\"color: #666666;\"><!-- \/wp:paragraph --><\/span><\/p>\n<p><span style=\"color: #666666;\"><!-- wp:paragraph --><\/span><\/p>\n<p><span style=\"color: #666666;\">Tu uso continuado de nuestros Servicios estar\u00e1 sujeto a los nuevos t\u00e9rminos.<\/span><\/p>\n<p><span style=\"color: #666666;\"><!-- \/wp:paragraph --><\/span><\/p>\n<p><span style=\"color: #666666;\"><!-- wp:heading {\"level\":3} --><\/span><\/p>\n<h3><span style=\"color: #666666;\">Cont\u00e1ctanos<\/span><\/h3>\n<p><span style=\"color: #666666;\"><!-- \/wp:heading --><\/span><\/p>\n<p><span style=\"color: #666666;\"><!-- wp:paragraph --><\/span><\/p>\n<p><span style=\"color: #666666;\">Si tiene alguna pregunta sobre estos T\u00e9rminos de Uso, cont\u00e1ctenos en legal@jbeantv.com<\/span><\/p>\n<p><span style=\"color: #666666;\"><!-- \/wp:paragraph --><\/span><\/p>\n<p><span style=\"color: #666666;\"><!-- wp:separator --><\/span><\/p>\n<hr class=\"wp-block-separator\" \/><span style=\"color: #666666;\"><!-- \/wp:separator --><\/span><\/p>\n<p><span style=\"color: #666666;\"><!-- wp:paragraph --><\/span><\/p>\n<p><span style=\"color: #666666;\">\u00daltima actualizaci\u00f3n: 7 de septiembre de 2025<\/span><\/p>\n<p><!-- \/wp:paragraph --><\/p>\n<\/div><\/div>\n<\/div>\n<\/div>\n<\/div>","protected":false},"excerpt":{"rendered":"","protected":false},"author":1,"featured_media":389,"parent":0,"menu_order":0,"comment_status":"closed","ping_status":"closed","template":"","meta":{"inline_featured_image":false,"footnotes":""},"class_list":["post-1000","page","type-page","status-publish","has-post-thumbnail","hentry"],"_links":{"self":[{"href":"https:\/\/cindy.jbeanwefiteam.com\/es\/wp-json\/wp\/v2\/pages\/1000","targetHints":{"allow":["GET"]}}],"collection":[{"href":"https:\/\/cindy.jbeanwefiteam.com\/es\/wp-json\/wp\/v2\/pages"}],"about":[{"href":"https:\/\/cindy.jbeanwefiteam.com\/es\/wp-json\/wp\/v2\/types\/page"}],"author":[{"embeddable":true,"href":"https:\/\/cindy.jbeanwefiteam.com\/es\/wp-json\/wp\/v2\/users\/1"}],"replies":[{"embeddable":true,"href":"https:\/\/cindy.jbeanwefiteam.com\/es\/wp-json\/wp\/v2\/comments?post=1000"}],"version-history":[{"count":4,"href":"https:\/\/cindy.jbeanwefiteam.com\/es\/wp-json\/wp\/v2\/pages\/1000\/revisions"}],"predecessor-version":[{"id":1079,"href":"https:\/\/cindy.jbeanwefiteam.com\/es\/wp-json\/wp\/v2\/pages\/1000\/revisions\/1079"}],"wp:featuredmedia":[{"embeddable":true,"href":"https:\/\/cindy.jbeanwefiteam.com\/es\/wp-json\/wp\/v2\/media\/389"}],"wp:attachment":[{"href":"https:\/\/cindy.jbeanwefiteam.com\/es\/wp-json\/wp\/v2\/media?parent=1000"}],"curies":[{"name":"wp","href":"https:\/\/api.w.org\/{rel}","templated":true}]}}